{"id":1045,"date":"2023-10-17T10:34:02","date_gmt":"2023-10-17T10:34:02","guid":{"rendered":"http:\/\/www.gonzalez-huerta.net\/?page_id=1045"},"modified":"2023-10-17T10:50:11","modified_gmt":"2023-10-17T10:50:11","slug":"invited-talks","status":"publish","type":"page","link":"http:\/\/www.gonzalez-huerta.net\/?page_id=1045","title":{"rendered":"Invited Talks"},"content":{"rendered":"<div>\n<div style=\"display: inline-block; vertical-align: middle; width: 15%; height: 100px;\"><img decoding=\"async\" class=\"alignleft wp-image-134\" src=\"http:\/\/www.gonzalez-huerta.net\/wp-content\/uploads\/2023\/10\/swedsoft-logo.png\" alt=\"SWEDSOFT LOGO\" width=\"100px\" height=\"100px\" \/><\/div>\n<div style=\"display: inline-block; vertical-align: middle; width: 82%; height: 100px; float: right; margin: 0 0 10px 0px;\"><strong><a href=\"https:\/\/www.swedsoft.se\/en\/2023\/10\/10\/valuable-insights-from-webinar-on-tackling-technical-debt\/\" target=\"_blank\" rel=\"noopener\">Technical Debt Benchmark: Focus where the pain is<br \/>\nUsing Data-Driven techniques to reduce friction in Software Development<\/strong><\/a><br \/>\nSwedSoft Deep dive Webinar Series<br \/>\nDate: October 10th,  2023<\/div>\n<\/div>\n<div style=\"display: inline-block; width: 15%; float: left; margin: 0 0 10px 0px;\"><\/div>\n<div>\n<div style=\"display: inline-block; vertical-align: middle; width: 15%; height: 100px;\"><img decoding=\"async\" class=\"alignleft wp-image-134\" src=\"http:\/\/www.gonzalez-huerta.net\/wp-content\/uploads\/2023\/10\/DIREC_logo_2023_bla-768x217-1.png\" alt=\"DIRECLOGO\" width=\"100px\" height=\"100px\" \/><\/div>\n<div style=\"display: inline-block; vertical-align: middle; width: 82%; height: 100px; float: right; margin: 0 0 10px 0px;\"><strong><a href=\"https:\/\/sway.office.com\/a2ZXeEIyxIY4p0sz?ref=Link\" target=\"_blank\" rel=\"noopener\">From Newcomer to Insider in Industry-Academia Collaboration and The Role of SwedSoft in the Equation<\/strong><\/a><br \/>\nKeynote in the DIREC Meetup on SE research in Denmark<br \/>\nCopenhagen, Denmark,<br \/>\nDate: June 6th, 2023<\/div>\n<\/div>\n<div style=\"display: inline-block; width: 15%; float: left; margin: 0 0 10px 0px;\"><\/div>\n<div>\n<div style=\"display: inline-block; vertical-align: middle; width: 15%; height: 100px;\"><img decoding=\"async\" class=\"alignleft wp-image-134\" src=\"http:\/\/www.gonzalez-huerta.net\/wp-content\/uploads\/2015\/07\/uqam_logo.png\" alt=\"UQAMLOGO\" width=\"100px\" height=\"100px\" \/><\/div>\n<div style=\"display: inline-block; vertical-align: middle; width: 82%; height: 100px; float: right; margin: 0 0 10px 0px;\"><strong>The Uncharted Side of your Data<\/strong><br \/>\nGuest Seminar:Latece Lab,  Universit\u00e9 du Qu\u00e9bec \u00e0 Montr\u00e9al<br \/>\nMontreal, Canada,<br \/>\nDigital Online Seminar<br \/>\nDate: February 16th, 2022<\/div>\n<\/div>\n<div style=\"display: inline-block; width: 15%; float: left; margin: 0 0 10px 0px;\"><\/div>\n<div>\n<div style=\"display: inline-block; vertical-align: middle; width: 15%; height: 100px;\"><img decoding=\"async\" class=\"alignleft wp-image-134\" src=\"http:\/\/www.gonzalez-huerta.net\/wp-content\/uploads\/2023\/10\/EN_Avancez_CH_left_black.png\" alt=\"CHALMERSLOGO\" width=\"100px\" height=\"100px\" \/><\/div>\n<div style=\"display: inline-block; vertical-align: middle; width: 82%; height: 100px; float: right; margin: 0 0 10px 0px;\"><strong>Quality in Mobile Applications: Really Design Matters?<\/strong><br \/>\nGuest Seminar: Software Engineering Division, Chalmers,<br \/>\nGothenburg , Sweden<br \/>\nDate: September 28th, 2016<\/div>\n<\/div>\n<div style=\"display: inline-block; width: 15%; float: left; margin: 0 0 10px 0px;\"><\/div>\n<div>\n<div style=\"display: inline-block; vertical-align: middle; width: 15%; height: 100px;\"><img decoding=\"async\" class=\"alignleft wp-image-134\" src=\"http:\/\/www.gonzalez-huerta.net\/wp-content\/uploads\/2023\/10\/mcgill-university-logo-png-transparent-cropped.png\" width=\"100px\" height=\"100px\" \/><\/div>\n<div style=\"display: inline-block; vertical-align: middle; width: 82%; height: 100px; float: right; margin: 0 0 10px 0px;\"><strong>A Product Architecture Derivation Method for Software Product Line Development<\/strong><br \/>\nGuest Seminar: Software Engineering Laboratory (SEL), McGill University<br \/>\nMontreal, Canada<br \/>\nDate: April 23rd, 2015<\/div>\n<\/div>\n","protected":false},"excerpt":{"rendered":"<p>Technical Debt Benchmark: Focus where the pain is Using Data-Driven techniques to reduce friction in Software Development SwedSoft Deep dive Webinar Series Date: October 10th, 2023 From Newcomer to Insider in Industry-Academia Collaboration and The Role of SwedSoft in the Equation Keynote in the DIREC Meetup on SE research in Denmark Copenhagen, Denmark, Date: June [&hellip;]<\/p>\n","protected":false},"author":1,"featured_media":0,"parent":0,"menu_order":0,"comment_status":"closed","ping_status":"closed","template":"","meta":{"_monsterinsights_skip_tracking":false,"_monsterinsights_sitenote_active":false,"_monsterinsights_sitenote_note":"","_monsterinsights_sitenote_category":0,"footnotes":""},"class_list":["post-1045","page","type-page","status-publish","hentry"],"aioseo_notices":[],"_links":{"self":[{"href":"http:\/\/www.gonzalez-huerta.net\/index.php?rest_route=\/wp\/v2\/pages\/1045","targetHints":{"allow":["GET"]}}],"collection":[{"href":"http:\/\/www.gonzalez-huerta.net\/index.php?rest_route=\/wp\/v2\/pages"}],"about":[{"href":"http:\/\/www.gonzalez-huerta.net\/index.php?rest_route=\/wp\/v2\/types\/page"}],"author":[{"embeddable":true,"href":"http:\/\/www.gonzalez-huerta.net\/index.php?rest_route=\/wp\/v2\/users\/1"}],"replies":[{"embeddable":true,"href":"http:\/\/www.gonzalez-huerta.net\/index.php?rest_route=%2Fwp%2Fv2%2Fcomments&post=1045"}],"version-history":[{"count":10,"href":"http:\/\/www.gonzalez-huerta.net\/index.php?rest_route=\/wp\/v2\/pages\/1045\/revisions"}],"predecessor-version":[{"id":1063,"href":"http:\/\/www.gonzalez-huerta.net\/index.php?rest_route=\/wp\/v2\/pages\/1045\/revisions\/1063"}],"wp:attachment":[{"href":"http:\/\/www.gonzalez-huerta.net\/index.php?rest_route=%2Fwp%2Fv2%2Fmedia&parent=1045"}],"curies":[{"name":"wp","href":"https:\/\/api.w.org\/{rel}","templated":true}]}}