{"id":639,"date":"2017-07-04T12:11:48","date_gmt":"2017-07-04T12:11:48","guid":{"rendered":"http:\/\/www.gonzalez-huerta.net\/?page_id=639"},"modified":"2023-10-17T10:02:35","modified_gmt":"2023-10-17T10:02:35","slug":"experience","status":"publish","type":"page","link":"http:\/\/www.gonzalez-huerta.net\/?page_id=639","title":{"rendered":"Experience"},"content":{"rendered":"<h2>Academic Experience<\/h2>\n<div>\n<div style=\"display: inline-block; vertical-align: middle; width: 15%; height: 100px;\"><img decoding=\"async\" class=\"alignleft wp-image-134\" src=\"http:\/\/www.gonzalez-huerta.net\/wp-content\/uploads\/2016\/06\/BTH-grey.png\" alt=\"bth_grey\" width=\"100px\" height=\"100px\" \/><\/div>\n<div style=\"display: inline-block; vertical-align: middle; width: 82%; height: 100px; float: right; margin: 0 0 10px 0px;\"><strong>Associate Professor \/ Bitr\u00e4dande Professor<br \/>\n<\/strong>Department of Software Engineering, Faculty of Computing,<br \/>\nBlekinge Tekniska H\u00f6gskola,<br \/>\nKarlskrona, Sweden (October 2021 &#8211; )<\/div>\n<\/div>\n<div style=\"display: inline-block; width: 15%; float: left; margin: 0 0 10px 0px;\"><\/div>\n<div>\n<div style=\"display: inline-block; vertical-align: middle; width: 15%; height: 100px;\"><img decoding=\"async\" class=\"alignleft wp-image-134\" src=\"http:\/\/www.gonzalez-huerta.net\/wp-content\/uploads\/2016\/06\/BTH-grey.png\" alt=\"bth_grey\" width=\"100px\" height=\"100px\" \/><\/div>\n<div style=\"display: inline-block; vertical-align: middle; width: 82%; height: 100px; float: right; margin: 0 0 10px 0px;\"><strong>Assistant Professor \/ Universitetslektor<\/strong><br \/>\nDepartment of Software Engineering, Faculty of Computing,<br \/>\nBlekinge Tekniska H\u00f6gskola,<br \/>\nKarlskrona, Sweden (April 2016 &#8211; September 2021)<\/div>\n<\/div>\n<div style=\"display: inline-block; width: 15%; float: left; margin: 0 0 10px 0px;\"><\/div>\n<div>\n<div style=\"display: inline-block; vertical-align: middle; width: 15%; height: 100px;clear:both\"><img decoding=\"async\" class=\"alignleft wp-image-134\" src=\"http:\/\/www.gonzalez-huerta.net\/wp-content\/uploads\/2015\/07\/uqam_logo.png\" alt=\"bth_grey\" width=\"100px\" height=\"100px\" \/><\/div>\n<div style=\"display: inline-block; vertical-align: middle; width: 82%; height: 100px; float: right; margin: 0 0 10px 0px;\"><strong>Associate Researcher<br \/>\n<\/strong>Laboratory for Research on Technology for E-Commerce,<br \/>\nUniversit\u00e9 du Qu\u00e9bec \u00e0 Montr\u00e9al,<br \/>\nMontreal, Canada (April 2016 &#8211; )<\/div>\n<\/div>\n<div style=\"display: inline-block; width: 15%; float: left; margin: 0 0 10px 0px;\"><\/div>\n<div>\n<div style=\"display: inline-block; vertical-align: middle; width: 15%; height: 100px;\"><img decoding=\"async\" class=\"alignleft wp-image-134\" src=\"http:\/\/www.gonzalez-huerta.net\/wp-content\/uploads\/2015\/07\/uqam_logo.png\" alt=\"bth_grey\" width=\"100px\" height=\"100px\" \/><\/div>\n<div style=\"display: inline-block; vertical-align: middle; width: 82%; height: 100px; float: right; margin: 0 0 10px 0px;\"><strong>Postdoctoral Researcher<\/strong><br \/>\nLaboratory for Research on Technology for E-Commerce,<br \/>\nUniversit\u00e9 du Qu\u00e9bec \u00e0 Montr\u00e9al,<br \/>\nMontreal, Canada (February 2015- March 2016)<\/div>\n<\/div>\n<div style=\"display: inline-block; width: 15%; float: left; margin: 0 0 10px 0px; clear: both;\"><\/div>\n<div>\n<div style=\"display: inline-block; width: 15%; height: 90px; float: left; margin: 0 0 20px 0px; clear: both;\"><img decoding=\"async\" class=\"alignleft wp-image-134\" src=\"http:\/\/www.gonzalez-huerta.net\/wp-content\/uploads\/2016\/06\/Logo-UPV-BTH-grey.png\" alt=\"bth_grey\" width=\"100px\" height=\"100px\" \/><\/div>\n<div style=\"display: inline-block; vertical-align: middle; width: 82%; height: 80px; float: right; margin: 0 0 20px 0px;\"><strong>Postdoctoral Researcher<\/strong><br \/>\nDepartment of Information Systems and Computation,<br \/>\nUniversitat Polit\u00e8cnica de Val\u00e8ncia,<br \/>\nValencia, Spain (March 2014-February 2015)<\/div>\n<\/div>\n<div style=\"display: inline-block; width: 15%; float: left; margin: 0 0 10px 0px; clear: both;\"><\/div>\n<div>\n<div style=\"display: inline-block; width: 15%; height: 90px; float: left; margin: 0 0 20px 0px; clear: both;\"><img decoding=\"async\" class=\"alignleft wp-image-134\" src=\"http:\/\/www.gonzalez-huerta.net\/wp-content\/uploads\/2016\/06\/Logo-UPV-BTH-grey.png\" alt=\"bth_grey\" width=\"100px\" \/><\/div>\n<div style=\"display: inline-block; vertical-align: middle; width: 82%; height: 80px; float: right; margin: 0 0 20px 0px;\"><strong>Research Assistant \/ PhD candidate<br \/>\n<\/strong>Department of Information Systems and Computation,<br \/>\nUniversitat Polit\u00e8cnica de Val\u00e8ncia,<br \/>\nValencia, Spain (2011- 2014)<\/div>\n<\/div>\n<div style=\"display: inline-block; width: 15%; float: left; margin: 0 0 10px 0px; clear: both;\"><\/div>\n<div>\n<div style=\"display: inline-block; width: 15%; height: 90px; float: left; margin: 0 0 20px 0px; clear: both;\"><img decoding=\"async\" class=\"alignleft wp-image-134\" src=\"http:\/\/www.gonzalez-huerta.net\/wp-content\/uploads\/2016\/06\/Logo-UPV-BTH-grey.png\" alt=\"bth_grey\" width=\"100px\" \/><\/div>\n<div style=\"display: inline-block; vertical-align: middle; width: 82%; height: 80px; float: right; margin: 0 0 20px 0px;\"><strong>Research Assistant<\/strong><br \/>\nDepartment of Information Systems and Computation,<br \/>\nUniversitat Polit\u00e8cnica de Val\u00e8ncia,<br \/>\nValencia, Spain (2009- 2011)<\/div>\n<\/div>\n<div style=\"display: inline-block; width: 15%; float: left; margin: 0 0 10px 0px; clear: both;\"><\/div>\n<h2>Industrial Experience<\/h2>\n<div>\n<div style=\"display: inline-block; vertical-align: middle; width: 15%; height: 100px;\"><img decoding=\"async\" class=\"alignleft wp-image-134\" src=\"http:\/\/www.gonzalez-huerta.net\/wp-content\/uploads\/2017\/07\/logo-enetic-soluciones-TIC.png\" alt=\"bth_grey\" width=\"100px\" height=\"100px\" \/><\/div>\n<div style=\"display: inline-block; vertical-align: middle; width: 82%; height: 100px; float: right; margin: 0 0 10px 0px;\"><strong> Head of the Development Department and Project Manager<br \/>\n<\/strong>Enetic Proyectos,<br \/>\nValencia, Spain (2007-2008)<\/div>\n<\/div>\n<div style=\"display: inline-block; width: 15%; float: left; margin: 0 0 10px 0px;\"><\/div>\n<div>\n<div style=\"display: inline-block; vertical-align: middle; width: 15%; height: 100px;\"><img decoding=\"async\" class=\"alignleft wp-image-134\" src=\"http:\/\/www.gonzalez-huerta.net\/wp-content\/uploads\/2017\/07\/logo.gif\" alt=\"bth_grey\" width=\"100px\" height=\"100px\" \/><\/div>\n<div style=\"display: inline-block; vertical-align: middle; width: 82%; height: 100px; float: right; margin: 0 0 10px 0px;\"><strong> Head of the Development Department<br \/>\n<\/strong>Consultora Informatica JAM,<br \/>\nValencia, Spain (2004-2007)<\/div>\n<\/div>\n<div style=\"display: inline-block; width: 15%; float: left; margin: 0 0 10px 0px;\"><\/div>\n<div>\n<div style=\"display: inline-block; vertical-align: middle; width: 15%; height: 100px;\"><img decoding=\"async\" class=\"alignleft wp-image-134\" src=\"http:\/\/www.gonzalez-huerta.net\/wp-content\/uploads\/2017\/07\/ASCOMIL.png\" alt=\"bth_grey\" width=\"100px\" height=\"100px\" \/><\/div>\n<div style=\"display: inline-block; vertical-align: middle; width: 82%; height: 100px; float: right; margin: 0 0 10px 0px;\"><strong> Head of the Research &amp; Development Department:<br \/>\n<\/strong>ASCOMIL, S.L.,<br \/>\nValencia, Spain (2000-2004)<\/div>\n<\/div>\n<div style=\"display: inline-block; width: 15%; float: left; margin: 0 0 10px 0px;\"><\/div>\n<div>\n<div style=\"display: inline-block; vertical-align: middle; width: 15%; height: 100px;\"><img decoding=\"async\" class=\"alignleft wp-image-134\" src=\"http:\/\/www.gonzalez-huerta.net\/wp-content\/uploads\/2017\/07\/Logo_index.png\" alt=\"bth_grey\" width=\"100px\" height=\"100px\" \/><\/div>\n<div style=\"display: inline-block; vertical-align: middle; width: 82%; height: 100px; float: right; margin: 0 0 10px 0px;\"><strong>Software Developer<br \/>\n<\/strong>LEMS, S.L., Valencia, Spain (1998-2000)<\/div>\n<\/div>\n<div style=\"display: inline-block; width: 15%; float: left; margin: 0 0 10px 0px;\"><\/div>\n<p>&nbsp;<\/p>\n","protected":false},"excerpt":{"rendered":"<p>Academic Experience Associate Professor \/ Bitr\u00e4dande Professor Department of Software Engineering, Faculty of Computing, Blekinge Tekniska H\u00f6gskola, Karlskrona, Sweden (October 2021 &#8211; ) Assistant Professor \/ Universitetslektor Department of Software Engineering, Faculty of Computing, Blekinge Tekniska H\u00f6gskola, Karlskrona, Sweden (April 2016 &#8211; September 2021) Associate Researcher Laboratory for Research on Technology for E-Commerce, Universit\u00e9 du [&hellip;]<\/p>\n","protected":false},"author":1,"featured_media":0,"parent":0,"menu_order":0,"comment_status":"closed","ping_status":"closed","template":"","meta":{"_monsterinsights_skip_tracking":false,"_monsterinsights_sitenote_active":false,"_monsterinsights_sitenote_note":"","_monsterinsights_sitenote_category":0,"footnotes":""},"class_list":["post-639","page","type-page","status-publish","hentry"],"aioseo_notices":[],"_links":{"self":[{"href":"http:\/\/www.gonzalez-huerta.net\/index.php?rest_route=\/wp\/v2\/pages\/639","targetHints":{"allow":["GET"]}}],"collection":[{"href":"http:\/\/www.gonzalez-huerta.net\/index.php?rest_route=\/wp\/v2\/pages"}],"about":[{"href":"http:\/\/www.gonzalez-huerta.net\/index.php?rest_route=\/wp\/v2\/types\/page"}],"author":[{"embeddable":true,"href":"http:\/\/www.gonzalez-huerta.net\/index.php?rest_route=\/wp\/v2\/users\/1"}],"replies":[{"embeddable":true,"href":"http:\/\/www.gonzalez-huerta.net\/index.php?rest_route=%2Fwp%2Fv2%2Fcomments&post=639"}],"version-history":[{"count":22,"href":"http:\/\/www.gonzalez-huerta.net\/index.php?rest_route=\/wp\/v2\/pages\/639\/revisions"}],"predecessor-version":[{"id":1042,"href":"http:\/\/www.gonzalez-huerta.net\/index.php?rest_route=\/wp\/v2\/pages\/639\/revisions\/1042"}],"wp:attachment":[{"href":"http:\/\/www.gonzalez-huerta.net\/index.php?rest_route=%2Fwp%2Fv2%2Fmedia&parent=639"}],"curies":[{"name":"wp","href":"https:\/\/api.w.org\/{rel}","templated":true}]}}